{"id":102,"date":"2019-12-27T17:13:21","date_gmt":"2019-12-27T17:13:21","guid":{"rendered":"http:\/\/gutachter-weis.de\/?page_id=102"},"modified":"2025-02-12T17:53:29","modified_gmt":"2025-02-12T17:53:29","slug":"wertgutachten","status":"publish","type":"page","link":"https:\/\/gutachter-weis.de\/?page_id=102","title":{"rendered":"Wertgutachten"},"content":{"rendered":"\n<h4 class=\"wp-block-heading\" id=\"cc-m-header-10361571270\">Eine Fahrzeugbewertung durch einen unabh\u00e4ngigen Gutachter bringt eine neutrale, realistische Einsch\u00e4tzung des tats\u00e4chlichen Marktwerts eines konkreten Fahrzeugs. Durch eine fachgerechte Fahrzeugbewertung in Form eines Wertgutachtens wird der Zustand Ihres Fahrzeuges zuverl\u00e4ssig dokumentiert. Dabei werden wertrelevante Faktoren wie H\u00e4ndlereinkaufspreis (HEK), den H\u00e4ndlerverkaufswert (HVK) oder den Wiederbeschaffungswert (WBW) bestimmt.&nbsp;   <\/h4>\n\n\n\n<p><\/p>\n\n\n\n<figure class=\"wp-block-image size-large\"><img loading=\"lazy\" decoding=\"async\" width=\"1024\" height=\"1024\" src=\"https:\/\/gutachter-weis.de\/wp-content\/uploads\/2025\/02\/eda0ea69-253c-4b7a-b37b-2d64d34ebff8-1024x1024.jpg\" alt=\"\" class=\"wp-image-241\" srcset=\"https:\/\/gutachter-weis.de\/wp-content\/uploads\/2025\/02\/eda0ea69-253c-4b7a-b37b-2d64d34ebff8.jpg 1024w, https:\/\/gutachter-weis.de\/wp-content\/uploads\/2025\/02\/eda0ea69-253c-4b7a-b37b-2d64d34ebff8-300x300.jpg 300w, https:\/\/gutachter-weis.de\/wp-content\/uploads\/2025\/02\/eda0ea69-253c-4b7a-b37b-2d64d34ebff8-150x150.jpg 150w, https:\/\/gutachter-weis.de\/wp-content\/uploads\/2025\/02\/eda0ea69-253c-4b7a-b37b-2d64d34ebff8-768x768.jpg 768w, https:\/\/gutachter-weis.de\/wp-content\/uploads\/2025\/02\/eda0ea69-253c-4b7a-b37b-2d64d34ebff8-450x450.jpg 450w\" sizes=\"auto, (max-width: 1024px) 100vw, 1024px\" \/><\/figure>\n","protected":false},"excerpt":{"rendered":"<p>Eine Fahrzeugbewertung durch einen unabh\u00e4ngigen Gutachter bringt eine neutrale, realistische Einsch\u00e4tzung des tats\u00e4chlichen Marktwerts eines konkreten Fahrzeugs. Durch eine fachgerechte Fahrzeugbewertung in Form eines Wertgutachtens wird der Zustand Ihres Fahrzeuges zuverl\u00e4ssig dokumentiert. Dabei werden wertrelevante Faktoren wie H\u00e4ndlereinkaufspreis (HEK), den H\u00e4ndlerverkaufswert (HVK) oder den Wiederbeschaffungswert (WBW) bestimmt.&nbsp;<\/p>\n","protected":false},"author":1,"featured_media":0,"parent":0,"menu_order":0,"comment_status":"closed","ping_status":"closed","template":"","meta":{"footnotes":""},"class_list":["post-102","page","type-page","status-publish","hentry"],"_links":{"self":[{"href":"https:\/\/gutachter-weis.de\/index.php?rest_route=\/wp\/v2\/pages\/102","targetHints":{"allow":["GET"]}}],"collection":[{"href":"https:\/\/gutachter-weis.de\/index.php?rest_route=\/wp\/v2\/pages"}],"about":[{"href":"https:\/\/gutachter-weis.de\/index.php?rest_route=\/wp\/v2\/types\/page"}],"author":[{"embeddable":true,"href":"https:\/\/gutachter-weis.de\/index.php?rest_route=\/wp\/v2\/users\/1"}],"replies":[{"embeddable":true,"href":"https:\/\/gutachter-weis.de\/index.php?rest_route=%2Fwp%2Fv2%2Fcomments&post=102"}],"version-history":[{"count":4,"href":"https:\/\/gutachter-weis.de\/index.php?rest_route=\/wp\/v2\/pages\/102\/revisions"}],"predecessor-version":[{"id":242,"href":"https:\/\/gutachter-weis.de\/index.php?rest_route=\/wp\/v2\/pages\/102\/revisions\/242"}],"wp:attachment":[{"href":"https:\/\/gutachter-weis.de\/index.php?rest_route=%2Fwp%2Fv2%2Fmedia&parent=102"}],"curies":[{"name":"wp","href":"https:\/\/api.w.org\/{rel}","templated":true}]}}