{"id":108,"date":"2019-12-27T17:39:05","date_gmt":"2019-12-27T17:39:05","guid":{"rendered":"http:\/\/gutachter-weis.de\/?page_id=108"},"modified":"2019-12-27T17:43:46","modified_gmt":"2019-12-27T17:43:46","slug":"schadensersatz","status":"publish","type":"page","link":"https:\/\/gutachter-weis.de\/?page_id=108","title":{"rendered":"Schadensersatz"},"content":{"rendered":"\n<p class=\"has-medium-font-size\">Als Schadensersatz bezeichnet man den finanziellen Ausgleich f\u00fcr materielle und immaterielle Sch\u00e4den wie zum Beispiel Sachbesch\u00e4digungen und Verletzungen. Der Schadensersatz ist rechtlich im B\u00fcrgerlichen Gesetzbuch verankert.<\/p>\n\n\n\n<h3 class=\"wp-block-heading\">B\u00fcrgerliches Gesetzbuch (BGB) \u00a7 249<\/h3>\n\n\n\n<p class=\"has-medium-font-size\"><strong>Art und Umfang des Schadensersatzes<\/strong><\/p>\n\n\n\n<p class=\"has-medium-font-size\">(1) Wer zum Schadensersatz verpflichtet ist, hat den Zustand herzustellen, der bestehen w\u00fcrde, wenn der zum Ersatz verpflichtende Umstand nicht eingetreten w\u00e4re. <\/p>\n\n\n\n<p class=\"has-medium-font-size\">(2) Ist wegen Verletzung einer Person oder wegen Besch\u00e4digung einer Sache Schadensersatz zu leisten, so kann der Gl\u00e4ubiger statt der Herstellung den dazu erforderlichen Geldbetrag verlangen. <\/p>\n\n\n\n<ul class=\"wp-block-list\"><li>Gutachterkosten<\/li><li>Rechtsanwaltskosten<\/li><li>Kosten f\u00fcr einen\u00a0<a href=\"https:\/\/www.bussgeldkatalog.org\/mietwagen-nach-unfall\/\">Mietwagen nach einem Unfall<\/a><\/li><li><a href=\"https:\/\/www.bussgeldkatalog.org\/reparaturkosten\/\">Kosten der Reparatur<\/a>\u00a0Ihres Kfz<\/li><li>Heilbehandlungskosten<\/li><li><a href=\"https:\/\/www.bussgeldkatalog.org\/schmerzensgeld\/\">Schmerzensgeld<\/a><\/li><li>Verdienstausfallentsch\u00e4digung<\/li><\/ul>\n","protected":false},"excerpt":{"rendered":"<p>Als Schadensersatz bezeichnet man den finanziellen Ausgleich f\u00fcr materielle und immaterielle Sch\u00e4den wie zum Beispiel Sachbesch\u00e4digungen und Verletzungen. Der Schadensersatz ist rechtlich im B\u00fcrgerlichen Gesetzbuch verankert. B\u00fcrgerliches Gesetzbuch (BGB) \u00a7 249 Art und Umfang des Schadensersatzes (1) Wer zum Schadensersatz verpflichtet ist, hat den Zustand herzustellen, der bestehen w\u00fcrde, wenn der zum Ersatz verpflichtende Umstand<span class=\"read-more-faq\"><a href=\"https:\/\/gutachter-weis.de\/?page_id=108\">Read More<\/a><\/span><\/p>\n","protected":false},"author":1,"featured_media":0,"parent":0,"menu_order":0,"comment_status":"closed","ping_status":"closed","template":"","meta":{"footnotes":""},"class_list":["post-108","page","type-page","status-publish","hentry"],"_links":{"self":[{"href":"https:\/\/gutachter-weis.de\/index.php?rest_route=\/wp\/v2\/pages\/108","targetHints":{"allow":["GET"]}}],"collection":[{"href":"https:\/\/gutachter-weis.de\/index.php?rest_route=\/wp\/v2\/pages"}],"about":[{"href":"https:\/\/gutachter-weis.de\/index.php?rest_route=\/wp\/v2\/types\/page"}],"author":[{"embeddable":true,"href":"https:\/\/gutachter-weis.de\/index.php?rest_route=\/wp\/v2\/users\/1"}],"replies":[{"embeddable":true,"href":"https:\/\/gutachter-weis.de\/index.php?rest_route=%2Fwp%2Fv2%2Fcomments&post=108"}],"version-history":[{"count":2,"href":"https:\/\/gutachter-weis.de\/index.php?rest_route=\/wp\/v2\/pages\/108\/revisions"}],"predecessor-version":[{"id":112,"href":"https:\/\/gutachter-weis.de\/index.php?rest_route=\/wp\/v2\/pages\/108\/revisions\/112"}],"wp:attachment":[{"href":"https:\/\/gutachter-weis.de\/index.php?rest_route=%2Fwp%2Fv2%2Fmedia&parent=108"}],"curies":[{"name":"wp","href":"https:\/\/api.w.org\/{rel}","templated":true}]}}