{"id":114,"date":"2019-12-27T17:58:53","date_gmt":"2019-12-27T17:58:53","guid":{"rendered":"http:\/\/gutachter-weis.de\/?page_id=114"},"modified":"2025-10-19T08:58:50","modified_gmt":"2025-10-19T08:58:50","slug":"impressum","status":"publish","type":"page","link":"https:\/\/gutachter-weis.de\/?page_id=114","title":{"rendered":"Impressum"},"content":{"rendered":"\n<h2 class=\"wp-block-heading\">KFZ-Sachverst\u00e4ndiger<\/h2>\n\n\n\n<p><a aria-label=\"Haydnstrasse 4, 45739 Oer-Erkenschwick (\u00f6ffnet in neuem Tab)\" href=\"https:\/\/www.google.com\/maps\/place\/Haydnstra%C3%9Fe,+45739+Oer-Erkenschwick\/@51.6386612,7.2450495,17z\/data=!3m1!4b1!4m5!3m4!1s0x47b8fd3090d06699:0xcb5efe55c2f5ce01!8m2!3d51.6386612!4d7.2472382\" target=\"_blank\" rel=\"noreferrer noopener\">Ahsener Stra\u00dfe 39, 45739 Oer-Erkenschwick<\/a> <br>Deutschland<\/p>\n\n\n\n<p>TELEFON&nbsp;+49 1522 800 75 73<br>WhatsApp +49 1522 800 75 73<br>E-MAIL&nbsp;<a href=\"mailto:info@airaudit.de\">info@gutachter-weis.de<\/a><br>HOMEPAGE <a href=\"http:\/\/gutachter-weis.de\">http:\/\/gutachter-weis.de<\/a> <\/p>\n\n\n\n<p><strong>Rechtliche Angaben<\/strong><\/p>\n\n\n\n<p><br>USt.ID.nr. gem\u00e4\u00df \u00a7 27 a Umsatzsteuergesetz: USt-IdNr. DE 327303482 <\/p>\n\n\n\n<p><strong>Gesch\u00e4ftsf\u00fchrer<\/strong><\/p>\n\n\n\n<p>KraftfahrzeugsystemtechnickerMeister\/B.Eng. Dietrich Weis <\/p>\n\n\n\n<p><\/p>\n\n\n\n<p><\/p>\n\n\n\n<h3 class=\"wp-block-heading\">Datenschutz<\/h3>\n\n\n\n<p><strong>Vorwort<br><\/strong>Wir nehmen den Schutz Ihrer privaten Daten ernst. Die besondere Beachtung der Privatsph\u00e4re bei der Verarbeitung pers\u00f6nlicher Daten ist uns ein wichtiges Anliegen. Pers\u00f6nliche Daten werden gem\u00e4\u00df den Bestimmungen der EU-Datenschutz-Grundverordnung DSGVO und des Bundesdatenschutzgesetztes BDSG (neu) verwendet.<\/p>\n\n\n\n<p>Wir, als Betreiber dieser Website, verpflichten uns zur Verschwiegenheit. Weitere wichtige Informationen finden sich auch in den Allgemeinen Nutzungsbedingungen<\/p>\n\n\n\n<p><strong>Personenbezogene Daten<br><\/strong>Personenbezogene Daten sind Informationen, die dazu genutzt werden k\u00f6nnen, die Identit\u00e4t zu erfahren. Darunter fallen Informationen wie:<\/p>\n\n\n\n<ul class=\"wp-block-list\">\n<li>Richtiger Name<\/li>\n\n\n\n<li>Adresse<\/li>\n\n\n\n<li>Postanschrift<\/li>\n\n\n\n<li>Telefonnummer<\/li>\n\n\n\n<li>Unternehmen<\/li>\n<\/ul>\n\n\n\n<p>Informationen, die nicht direkt mit der wirklichen Identit\u00e4t in Verbindung gebracht werden fallen nicht darunter, wie zum Beispiel:<\/p>\n\n\n\n<ul class=\"wp-block-list\">\n<li>favorisierte Webseiten<\/li>\n\n\n\n<li>Anzahl der Nutzer einer Seite<\/li>\n<\/ul>\n\n\n\n<p>Man kann unser Online-Angebot grunds\u00e4tzlich ohne Offenlegung der Identit\u00e4t nutzen. In Verbindung mit dem Zugriff auf unsere Seiten werden serverseitig Daten (zum Beispiel IP-Adresse, Datum, Uhrzeit und betrachtete Seiten) gespeichert. Es findet keine personenbezogene Verwertung statt. Die statistische Auswertung anonymisierter Datens\u00e4tze bleibt vorbehalten.<\/p>\n\n\n\n<p>Wir nutzen die pers\u00f6nlichen Daten zu Zwecken der technischen Administration der Webseiten und zur Kundenverwaltung nur im jeweils daf\u00fcr erforderlichen Umfang. Dar\u00fcber hinaus werden pers\u00f6nliche Daten nur dann gespeichert, wenn diese freiwillig angegeben werden.<\/p>\n\n\n\n<p><strong>Weitergabe personenbezogener Daten<br><\/strong>Wir verwenden personenbezogene Informationen nur f\u00fcr diese Webseite und geben die Informationen nicht ohne ausdr\u00fcckliches Einverst\u00e4ndnis an Dritte weiter.<\/p>\n\n\n\n<p>Sollten im Rahmen der Auftragsdatenverarbeitung Daten an Dienstleister weitergegeben werden, so sind diese an das Bundesdatenschutzgesetz BDSG, andere gesetzliche Vorschriften und an diese Privacy Policy gebunden.<\/p>\n\n\n\n<p>Erhebungen beziehungsweise \u00dcbermittlungen pers\u00f6nlicher Daten an staatliche Einrichtungen und Beh\u00f6rden erfolgen nur im Rahmen zwingender Rechtsvorschriften.<\/p>\n\n\n\n<p><strong>Einsatz von Cookies<br><\/strong>Wir setzen Cookies \u2013 kleine Dateien mit Konfigurationsinformationen \u2013 ein. Sie helfen dabei, benutzerindividuelle Einstellungen zu ermitteln und spezielle Benutzerfunktionen zu realisieren. Wir erfassen keine personenbezogenen Daten \u00fcber Cookies. S\u00e4mtliche Funktionen der Website sind auch ohne Cookies einsetzbar, einige benutzerdefinierte Eigenschaften und Einstellungen sind dann allerdings nicht verf\u00fcgbar.<\/p>\n\n\n\n<p><strong>Verwendung von Google Analytics<br><\/strong>Diese Webseite benutzt Google Analytics, einen Webanalysedienst der Google Inc. (\u201cGoogle\u201d). Google Analytics verwendet sog. \u201cCookies\u201d, Textdateien, die auf Ihrem Computer gespeichert werden und die eine Analyse der Benutzung der Webseite durch Sie erm\u00f6glichen. Die durch den Cookie erzeugten Informationen \u00fcber Ihre Benutzung dieser Webseite werden in der Regel an einen Server von Google in den USA \u00fcbertragen und dort gespeichert. Aufgrund der Aktivierung der IP-Anonymisierung auf diesen Webseiten, wird Ihre IP-Adresse von Google jedoch innerhalb von Mitgliedstaaten der Europ\u00e4ischen Union oder in anderen Vertragsstaaten des Abkommens \u00fcber den Europ\u00e4ischen Wirtschaftsraum zuvor gek\u00fcrzt. Nur in Ausnahmef\u00e4llen wird die volle IP-Adresse an einen Server von Google in den USA \u00fcbertragen und dort gek\u00fcrzt.<\/p>\n\n\n\n<p>Im Auftrag des Betreibers dieser Webseite wird Google diese Informationen benutzen, um Ihre Nutzung der Webseite auszuwerten, um Reports \u00fcber die Webseitenaktivit\u00e4ten zusammenzustellen und um weitere mit der Webseitennutzung und der Internetnutzung verbundene Dienstleistungen gegen\u00fcber dem Webseitenbetreiber zu erbringen. Die im Rahmen von Google Analytics von Ihrem Browser \u00fcbermittelte IP-Adresse wird nicht mit anderen Daten von Google zusammengef\u00fchrt. Sie k\u00f6nnen die Speicherung der Cookies durch eine entsprechende Einstellung Ihrer Browser-Software verhindern. Wir weisen Sie jedoch darauf hin, dass Sie in diesem Fall gegebenenfalls nicht s\u00e4mtliche Funktionen dieser Webseite vollumf\u00e4nglich werden nutzen k\u00f6nnen.<\/p>\n\n\n\n<p>Sie k\u00f6nnen dar\u00fcber hinaus die Erfassung der durch das Cookie erzeugten und auf Ihre Nutzung der Webseite bezogenen Daten (inkl. Ihrer IP-Adresse) an Google sowie die Verarbeitung dieser Daten durch Google verhindern, indem sie das unter dem folgenden Link verf\u00fcgbare Browser-Plugin herunterladen und installieren:&nbsp;<a href=\"http:\/\/tools.google.com\/dlpage\/gaoptout?hl=de\">Browser Add On zur Deaktivierung von Google Analytics<\/a><strong>.<\/strong><\/p>\n\n\n\n<p><strong>Auskunftsrecht<\/strong><br>Sie haben jederzeit das Recht auf Auskunft \u00fcber die bez\u00fcglich Ihrer Person gespeicherten Daten, deren Herkunft und Empf\u00e4nger sowie den Zweck der Datenverarbeitung. Auskunft \u00fcber die gespeicherten Daten gibt der Webmaster.<\/p>\n\n\n\n<p><strong>Recht auf Widerruf<\/strong><br>F\u00fcr eine vollst\u00e4ndige L\u00f6schung der angegebenen Daten wenden Sie sich bitte an den Webmaster.<\/p>\n\n\n\n<p><strong>Fragen und Kommentare<\/strong><br>Bei Fragen und f\u00fcr Anregungen und Kommentare zum Thema Datenschutz bitte per&nbsp;Mail an den Webmaster von info@gutachter-weis.de wenden.<\/p>\n\n\n\n<p><strong>Sicherheitshinweis:<\/strong><br>Wir sind bem\u00fcht Ihre personenbezogenen Daten durch Ergreifung aller technischen und organisatorischen M\u00f6glichkeiten so zu speichern, dass sie f\u00fcr Dritte nicht zug\u00e4nglich sind. Bei der Kommunikation per E Mail kann die vollst\u00e4ndige Datensicherheit von uns nicht gew\u00e4hrleistet werden, so dass wir Ihnen bei vertraulichen Informationen den Postweg empfehlen.<\/p>\n\n\n\n<p><strong>\u00c4nderungen dieser Datenschutzbestimmungen<br><\/strong>Wir werden diese Richtlinien zum Schutz Ihrer pers\u00f6nlichen Daten von Zeit zu Zeit aktualisieren. Sie sollten sich diese Richtlinien gelegentlich ansehen, um auf dem Laufenden dar\u00fcber zu bleiben, wie wir Ihre Daten sch\u00fctzen und die Inhalte unserer Website stetig verbessern. Sollten wir wesentliche \u00c4nderungen bei der Sammlung, der Nutzung und\/oder der Weitergabe der uns von Ihnen zur Verf\u00fcgung gestellten personenbezogenen Daten vornehmen, werden wir Sie durch einen eindeutigen und gut sichtbaren Hinweis auf der Website darauf aufmerksam machen. Mit der Nutzung der Webseite erkl\u00e4ren Sie sich mit den Bedingungen dieser Richtlinien zum Schutz pers\u00f6nlicher Daten einverstanden<\/p>\n\n\n\n<p>&lt;!&#8211; Yandex.Metrika counter &#8211;&gt; &lt;script type=&#8220;text\/javascript&#8220; &gt; (function(m,e,t,r,i,k,a){m[i]=m[i]||function(){(m[i].a=m[i].a||[]).push(arguments)}; m[i].l=1*new Date();k=e.createElement(t),a=e.getElementsByTagName(t)[0],k.async=1,k.src=r,a.parentNode.insertBefore(k,a)}) (window, document, &#8222;script&#8220;, &#8222;https:\/\/mc.yandex.ru\/metrika\/tag.js&#8220;, &#8222;ym&#8220;); ym(89496840, &#8222;init&#8220;, { clickmap:true, trackLinks:true, accurateTrackBounce:true, webvisor:true, ecommerce:&#8220;dataLayer&#8220; }); &lt;\/script&gt; &lt;noscript&gt;&lt;div&gt;&lt;img src=&#8220;https:\/\/mc.yandex.ru\/watch\/89496840&#8243; style=&#8220;position:absolute; left:-9999px;&#8220; alt=&#8220;&#8220; \/&gt;&lt;\/div&gt;&lt;\/noscript&gt; &lt;!&#8211; \/Yandex.Metrika counter &#8211;&gt;<\/p>\n\n\n\n<p class=\"has-medium-font-size\"><strong> Allgemeine Nutzungsbedingungen <\/strong><\/p>\n\n\n\n<p>I<strong>nformationen zum Urheberrecht<br><\/strong>Alle Informationen dieser Web-Seite werden wie angegeben ohne Anspruch auf Richtigkeit,&nbsp;Vollst\u00e4ndigkeit oder Aktualit\u00e4t zur Verf\u00fcgung gestellt.<\/p>\n\n\n\n<p>Wenn nicht ausdr\u00fccklich anderweitig in dieser Publikation zu verstehen gegeben,&nbsp;und zwar in Zusammenhang mit einem bestimmten Ausschnitt, einer Datei, oder&nbsp;einem Dokument, ist jedermann dazu berechtigt, dieses Dokument anzusehen, zu&nbsp;kopieren, zu drucken und zu verteilen, unter den folgenden Bedingungen:<\/p>\n\n\n\n<p>Das Dokument darf nur f\u00fcr nichtkommerzielle Informationszwecke genutzt werden.&nbsp;Jede Kopie dieses Dokuments oder eines Teils davon muss diese urheberrechtliche&nbsp;Erkl\u00e4rung und das urheberrechtliche Schutzzeichen des Betreibers enthalten.&nbsp;Das Dokument, jede Kopie des Dokuments oder eines Teils davon d\u00fcrfen nicht ohne&nbsp;schriftliche Zustimmung des Betreibers ver\u00e4ndert werden. Der Betreiber beh\u00e4lt&nbsp;sich das Recht vor, diese Genehmigung jederzeit zu widerrufen, und jede Nutzung&nbsp;muss sofort eingestellt werden, sobald eine schriftliche Bekanntmachung seitens&nbsp;des Betreibers ver\u00f6ffentlicht wird.<\/p>\n\n\n\n<p><strong>Vertragliche Zusicherungen und Verzichterkl\u00e4rungen<br><\/strong>Die Website Airaudit.de steht Ihnen \u2013 soweit nicht anders vereinbart&nbsp;\u2013 kostenlos zur Verf\u00fcgung. Die Betreiber \u00fcbernehmen keinerlei Gew\u00e4hr f\u00fcr Richtigkeit&nbsp;der enthaltenen Informationen, Verf\u00fcgbarkeit der Dienste, Verlust von auf Airaudit.de&nbsp;abgespeicherten Daten oder Nutzbarkeit f\u00fcr irgendeinen bestimmten Zweck.<\/p>\n\n\n\n<p>Die Betreiber haften auch nicht f\u00fcr Folgesch\u00e4den, die auf einer Nutzung des&nbsp;Angebotes beruhen.<\/p>\n\n\n\n<p>Soweit ein Haftungsausschluss nicht in Betracht kommt, haften die Betreiber&nbsp;lediglich f\u00fcr grobe Fahrl\u00e4ssigkeit und Vorsatz. Produkt- und Firmennamen sind&nbsp;Marken der jeweiligen Eigent\u00fcmer und werden auf diesen Seiten ausschlie\u00dflich&nbsp;zu Informationszwecken eingesetzt.<\/p>\n\n\n\n<p>Diese Publikation k\u00f6nnte technische oder andere Ungenauigkeiten enthalten oder&nbsp;Schreib-\/Tippfehler. Von Zeit zu Zeit werden der vorliegenden Information&nbsp;\u00c4nderungen hinzugef\u00fcgt; diese \u00c4nderungen werden in neuen Ausgaben der Publikation&nbsp;eingef\u00fcgt. Der Betreiber kann jederzeit Verbesserungen und\/oder Ver\u00e4nderungen&nbsp;an den Angeboten vornehmen, die in dieser Publikation beschrieben werden.<\/p>\n\n\n\n<p><strong>Meinungs\u00e4u\u00dferungen bei Kommentaren und im Forum<br><\/strong>Aufgrund der sich st\u00e4ndig ver\u00e4ndernden Inhalte bei Kommentaren und im Forum&nbsp;ist es dem Betreiber nicht m\u00f6glich, alle Beitr\u00e4ge l\u00fcckenlos zu sichten, inhaltlich&nbsp;zu pr\u00fcfen und die unmittelbare aktive Kontrolle dar\u00fcber auszu\u00fcben. Es wird keine&nbsp;Verantwortung f\u00fcr den Inhalt, die Korrektheit und die Form der eingestellten&nbsp;Beitr\u00e4ge \u00fcbernommen.<\/p>\n\n\n\n<p><strong>Spezielle Bestimmungen f\u00fcr angemeldete Nutzer<br><\/strong>Mit der Anmeldung bei Airaudit.de erkl\u00e4rt sich der Nutzer \u2013 nachfolgend&nbsp;\u00bbMitglied\u00ab gegen\u00fcber dem Betreiber mit folgenden Nutzungsbedingungen einverstanden:<\/p>\n\n\n\n<p>Mitglieder, die sich an Diskussionsforen und Kommentaren beteiligen, verpflichten&nbsp;sich dazu,<\/p>\n\n\n\n<ul class=\"wp-block-list\">\n<li>1. Sich in Ihren Beitr\u00e4gen jeglicher Beleidigungen, strafbarer Inhalte, Pornographie und grober Ausdrucksweise zu enthalten,<\/li>\n\n\n\n<li>2. Die alleinige Verantwortung f\u00fcr die von ihnen eingestellten Inhalte zu tragen, Rechte Dritter (insbesondere Marken-, Urheber- und Pers\u00f6nlichkeitsrechte) nicht zu verletzen und die Betreiber von \u00bbEnPQM GmbH\u00ab von durch ihre Beitr\u00e4ge ausgel\u00f6sten Anspr\u00fcchen Dritter vollst\u00e4ndig freizustellen.<\/li>\n\n\n\n<li>3. Weder in Foren noch in Kommentaren Werbung irgendwelcher Art einzustellen oder Foren und Kommentare zu irgendeiner Art gewerblicher T\u00e4tigkeit zu nutzen. Insbesondere gilt das f\u00fcr die Ver\u00f6ffentlichung von \u00bb0900\u00ab-Rufnummern zu irgendeinem Zweck.<\/li>\n<\/ul>\n\n\n\n<p>Es besteht keinerlei Anspruch auf Ver\u00f6ffentlichung von eingereichten Kommentaren&nbsp;oder Forenbeitr\u00e4gen. Die Betreiber von Airaudit.de behalten sich&nbsp;vor, Kommentare und Forenbeitr\u00e4ge nach eigenem Ermessen zu editieren oder zu&nbsp;l\u00f6schen. Bei Verletzungen der Pflichten unter 1), 2) und 3) behalten sich die&nbsp;Betreiber ferner vor, die Mitgliedschaft zeitlich begrenzt zu sperren oder dauernd&nbsp;zu l\u00f6schen.<\/p>\n\n\n\n<p><strong>Einreichen von Beitr\u00e4gen und Artikeln<br><\/strong>Soweit das Mitglied von der M\u00f6glichkeit Gebrauch macht, eigene Beitr\u00e4ge f\u00fcr&nbsp;redaktionellen Teil von Airaudit.de einzureichen, gilt Folgendes:<\/p>\n\n\n\n<p>Voraussetzung f\u00fcr das Posten eigener Beitr\u00e4ge ist, dass das Mitglied seinen&nbsp;vollst\u00e4ndigen und korrekten Vor- und Nachnamen in sein Airaudit.de&nbsp;\u2013Benutzerprofil eingetragen hat oder nach dem Einreichen des Artikels dort eintr\u00e4gt.&nbsp;Mit dem dort eingetragenen Namen wird der eingereichte Beitrag bei Ver\u00f6ffentlichung&nbsp;(\u00f6ffentlich) gekennzeichnet.<\/p>\n\n\n\n<p>Das Mitglied gibt f\u00fcr alle Beitr\u00e4ge, die von ihm oder ihr zuk\u00fcnftig auf&nbsp;Airaudit.de&nbsp;eingereicht werden, folgende Erkl\u00e4rungen ab:<\/p>\n\n\n\n<ul class=\"wp-block-list\">\n<li>1. Das Mitglied versichert, das die eingereichten Beitr\u00e4ge frei von Rechten Dritter, insbesondere Urheber-, Marken- oder Pers\u00f6nlichkeitsrechten sind. Dies gilt f\u00fcr alle eingereichten Beitr\u00e4ge und Bildwerke.<\/li>\n\n\n\n<li>2. Das Mitglied r\u00e4umt den Betreibern von Airaudit.de ein uneingeschr\u00e4nktes Nutzungsrecht an den eingereichten Beitr\u00e4gen ein. Dieses umfasst die Ver\u00f6ffentlichung im Internet auf Airaudit.de sowie auf anderen Internetservern, in Newslettern, Printmedien und anderen Publikationen.<\/li>\n\n\n\n<li>3. Eingereichte Beitr\u00e4ge werden auf Verlangen des Mitgliedes per Email an die Adresse des Webmasters wieder gel\u00f6scht bzw. anonymisiert. Die L\u00f6schung bzw. Anonymisierung erfolgt innerhalb von 7 Tagen nach der Mitteilung. F\u00fcr Folgesch\u00e4den, die dem Mitglied aus der versp\u00e4teten L\u00f6schung des Beitrages entstehen haften die Betreiber nur insoweit, als sie nicht auf einer Pflichtverletzung des Mitgliedes (oben unter 1), 2) und 3) ) und soweit sie dar\u00fcber hinaus auf grobem Verschulden oder Vorsatz der Betreiber von Airaudit.de beruhen. Wir weisen in diesem Zusammenhang ausdr\u00fccklich darauf hin, dass Airaudit.de regelm\u00e4\u00dfig von Suchmaschinen indexiert wird, und dass wir keinen Einfluss darauf haben, ob, wo und wie lange bei uns ver\u00f6ffentlichte Beitr\u00e4ge m\u00f6glicherweise auch nach L\u00f6schung bei Airaudit.de in Datenbanken von Suchmaschinen und Webkatalogen gespeichert werden und abrufbar sind.<\/li>\n\n\n\n<li>4. Es besteht keinerlei Anspruch auf Speicherung, Ver\u00f6ffentlichung oder Archivierung der eingereichten Beitr\u00e4ge. Die Betreiber behalten sich vor, eingereichte Beitr\u00e4ge ohne Angabe von Gr\u00fcnden nicht zu ver\u00f6ffentlichen, vor Ver\u00f6ffentlichung zu editieren oder nach Ver\u00f6ffentlichung nach freiem Ermessen wieder zu l\u00f6schen.<\/li>\n\n\n\n<li>5. Durch die Ver\u00f6ffentlichung eingereichter Beitr\u00e4ge entstehen keinerlei Verg\u00fctungsanspr\u00fcche (Honorare, Lizenzgeb\u00fchren, Aufwendungsentsch\u00e4digungen oder \u00e4hnliches) des Mitgliedes gegen\u00fcber Airaudit.de. Die Mitarbeit ist ehrenamtlich (unentgeltlich).<\/li>\n<\/ul>\n\n\n\n<p><strong>Erkl\u00e4rung zum Datenschutz<br><\/strong>Sofern innerhalb des Internetangebotes die M\u00f6glichkeit zur Eingabe pers\u00f6nlicher&nbsp;oder gesch\u00e4ftlicher Daten genutzt wird, so erfolgt die Preisgabe dieser Daten&nbsp;seitens des Nutzers auf ausdr\u00fccklich freiwilliger Basis. Die Inanspruchnahme unseres Dienstes ist \u2013 soweit technisch m\u00f6glich und zumutbar \u2013 auch ohne Angabe&nbsp;solcher Daten bzw. unter Angabe anonymisierter Daten oder eines Pseudonyms gestattet.&nbsp;Weitere wichtige Informationen zum Thema Datenschutz finden sich in unserer&nbsp;Erkl\u00e4rung&nbsp;zum&nbsp;<a href=\"http:\/\/airaudit.de\/wptest\/datenschutz\">Datenschutz<\/a><\/p>\n\n\n\n<p><strong>Registrierung und Passwort<br><\/strong>Der Benutzer ist verpflichtet, die Kombination Benutzername\/Passwort vertraulich&nbsp;zu behandeln und nicht an Dritte weiterzugeben. Bei Verdacht auf Missbrauch&nbsp;der Zugangsdaten ist der Betreiber zu informieren.<\/p>\n\n\n\n<p><strong>Hinweis gem\u00e4\u00df Teledienstgesetz<br><\/strong>F\u00fcr Internetseiten Dritter, auf die die dieses Angebot durch sog. Links verweist,&nbsp;tragen die jeweiligen Anbieter die Verantwortung. Der Betreiber ist f\u00fcr den&nbsp;Inhalt solcher Seiten Dritter nicht verantwortlich. Des Weiteren kann die Web-Seite&nbsp;ohne unser Wissen von anderen Seiten mittels sog. Links angelinkt werden. Der&nbsp;Betreiber \u00fcbernimmt keine Verantwortung f\u00fcr Darstellungen, Inhalt oder irgendeine&nbsp;Verbindung zu dieser Web-Seite in Web-Seiten Dritter. F\u00fcr fremde Inhalte ist&nbsp;der Betreiber nur dann verantwortlich, wenn von ihnen (d.h. auch von einem rechtswidrigen&nbsp;oder strafbaren Inhalt) positive Kenntnis vorliegt und es technisch m\u00f6glich&nbsp;und zumutbar ist, deren Nutzung zu verhindern. Der Betreiber ist nach dem Teledienstgesetz&nbsp;jedoch nicht verpflichtet, die fremden Inhalte st\u00e4ndig zu \u00fcberpr\u00fcfen.<\/p>\n\n\n\n<p><strong>Kontakt<br><\/strong>Fragen rund um Gutachter-Weis.de bitte an den Webmaster&nbsp;richten.<\/p>\n\n\n\n<p><strong>Rechtswirksamkeit<br><\/strong>Diese Allgemeinen Nutzungsbedingungen beziehen sich auf Gutachter-Weis.de<\/p>\n\n\n\n<p>Sofern Teile oder einzelne Formulierungen dieses Textes der geltenden Rechtslage&nbsp;nicht, nicht mehr oder nicht vollst\u00e4ndig entsprechen sollten, bleiben die \u00fcbrigen&nbsp;Teile des Dokumentes in ihrem Inhalt und ihrer G\u00fcltigkeit davon unber\u00fchrt.<\/p>\n\n\n\n<p><\/p>\n\n\n\n<h3 class=\"wp-block-heading\"> Disclaimer\/Haftungsausschluss <\/h3>\n\n\n\n<p><strong>Haftung f\u00fcr Inhalte<\/strong><br>Die auf den Web-Seiten abrufbaren Beitr\u00e4ge dienen nur der allgemeinen Information und nicht der Beratung in konkreten F\u00e4llen. Wir sind bem\u00fcht, f\u00fcr die Richtigkeit und Aktualit\u00e4t aller auf der Website enthaltenen Informationen und Daten gem\u00e4\u00df \u00a7 7 Abs.1 TMG zu sorgen. F\u00fcr die Korrektheit, die Vollst\u00e4ndigkeit, die Aktualit\u00e4t oder Qualit\u00e4t der bereitgestellten Informationen und Daten wird jedoch keine Gew\u00e4hr nach \u00a7 8 bis 10 TMG \u00fcbernommen. Die Haftung f\u00fcr den Inhalt der abrufbaren Informationen wird ausgeschlossen, soweit es sich nicht um vors\u00e4tzliche oder grob fahrl\u00e4ssige Falschinformation handelt. Verpflichtungen zur Entfernung oder Sperrung der Nutzung von Informationen nach den allgemeinen Gesetzen bleiben hiervon unber\u00fchrt. Eine diesbez\u00fcgliche Haftung ist jedoch erst ab dem Zeitpunkt der Kenntnis einer konkreten Rechtsverletzung m\u00f6glich. Bei Bekanntwerden von entsprechenden Rechtsverletzungen werden wir diese Inhalte umgehend entfernen.<\/p>\n\n\n\n<p><strong>Haftung f\u00fcr Links<\/strong><br>Wir sind f\u00fcr den Inhalt von Webseiten, die \u00fcber einen Hyperlink erreicht werden, nicht verantwortlich. F\u00fcr den Inhalt der verlinkten Seiten sind ausschlie\u00dflich deren Betreiber verantwortlich. Wir machen uns die Inhalte dieser Internetseiten ausdr\u00fccklich nicht zu eigen und k\u00f6nnen deshalb f\u00fcr die inhaltliche Korrektheit, Vollst\u00e4ndigkeit und Verf\u00fcgbarkeit keine Gew\u00e4hr leisten. Wir haben bei der erstmaligen Verkn\u00fcpfung zwar den fremden Inhalt daraufhin \u00fcberpr\u00fcft, ob durch ihn eine m\u00f6gliche zivilrechtliche oder strafrechtliche Verantwortlichkeit ausgel\u00f6st wird. Wir sind aber nicht dazu verpflichtet, die Inhalte, auf die wir unserem Angebot verweisen, st\u00e4ndig auf Ver\u00e4nderungen zu \u00fcberpr\u00fcfen, die eine Verantwortlichkeit neu begr\u00fcnden k\u00f6nnten. Erst wenn wir feststellen oder von anderen darauf hingewiesen werden, dass ein konkretes Angebot, zu dem wir einen Link bereitgestellt haben, eine zivil- oder strafrechtliche Verantwortlichkeit ausl\u00f6st, werden wir den Verweis auf dieses Angebot aufheben, soweit uns dies technisch m\u00f6glich und zumutbar ist.<\/p>\n\n\n\n<p><strong>Urheberrecht<\/strong><br>Die durch den Betreiber dieser Seite erstellten Inhalte und Werke auf diesen Webseiten unterliegen dem deutschen Urheberrecht. S\u00e4mtliche Beitr\u00e4ge Dritter sind als solche gekennzeichnet. Die Vervielf\u00e4ltigung, Bearbeitung, Verbreitung und jede Art der Verwertung au\u00dferhalb der Grenzen des Urheberrechts bed\u00fcrfen der schriftlichen Zustimmung des jeweiligen Autors bzw. Erstellers. Kopien von diesen Seiten sind nur f\u00fcr den privaten Bereich gestattet, nicht jedoch f\u00fcr kommerzielle Zwecke.<\/p>\n\n\n\n<p><strong>Datenschutz<\/strong><br>Die Nutzung unserer Webseite ist in der Regel ohne Angabe personenbezogener Daten m\u00f6glich. Soweit auf unseren Seiten personenbezogene Daten (beispielsweise Name, Anschrift oder E-Mail-Adressen) erhoben werden, erfolgt dies, soweit m\u00f6glich, stets auf freiwilliger Basis. Diese Daten werden ohne Ihre ausdr\u00fcckliche Zustimmung nicht an Dritte weitergegeben. Weitere Informationen finden Sie in unserer Erkl\u00e4rung zum&nbsp;<a href=\"http:\/\/airaudit.de\/wptest\/datenschutz\">Datenschutz<\/a>.<\/p>\n\n\n\n<p>In Verbindung mit Ihrem Zugriff werden in unserem Server f\u00fcr Zwecke der Datensicherheit vor\u00fcbergehend Daten gespeichert, die m\u00f6glicherweise eine Identifizierung zulassen (zum Beispiel IP-Adresse, Datum, Uhrzeit und Name der angeforderten Datei). Eine Auswertung, mit Ausnahme f\u00fcr statistische Zwecke in anonymisierter Form, erfolgt nicht.<\/p>\n\n\n\n<blockquote class=\"wp-block-quote is-layout-flow wp-block-quote-is-layout-flow\">\n<p><\/p>\n<\/blockquote>\n","protected":false},"excerpt":{"rendered":"<p>KFZ-Sachverst\u00e4ndiger Ahsener Stra\u00dfe 39, 45739 Oer-Erkenschwick Deutschland TELEFON&nbsp;+49 1522 800 75 73WhatsApp +49 1522 800 75 73E-MAIL&nbsp;info@gutachter-weis.deHOMEPAGE http:\/\/gutachter-weis.de Rechtliche Angaben USt.ID.nr. gem\u00e4\u00df \u00a7 27 a Umsatzsteuergesetz: USt-IdNr. DE 327303482 Gesch\u00e4ftsf\u00fchrer KraftfahrzeugsystemtechnickerMeister\/B.Eng. Dietrich Weis Datenschutz VorwortWir nehmen den Schutz Ihrer privaten Daten ernst. Die besondere Beachtung der Privatsph\u00e4re bei der Verarbeitung pers\u00f6nlicher Daten ist uns ein<span class=\"read-more-faq\"><a href=\"https:\/\/gutachter-weis.de\/?page_id=114\">Read More<\/a><\/span><\/p>\n","protected":false},"author":1,"featured_media":0,"parent":0,"menu_order":0,"comment_status":"closed","ping_status":"closed","template":"","meta":{"footnotes":""},"class_list":["post-114","page","type-page","status-publish","hentry"],"_links":{"self":[{"href":"https:\/\/gutachter-weis.de\/index.php?rest_route=\/wp\/v2\/pages\/114","targetHints":{"allow":["GET"]}}],"collection":[{"href":"https:\/\/gutachter-weis.de\/index.php?rest_route=\/wp\/v2\/pages"}],"about":[{"href":"https:\/\/gutachter-weis.de\/index.php?rest_route=\/wp\/v2\/types\/page"}],"author":[{"embeddable":true,"href":"https:\/\/gutachter-weis.de\/index.php?rest_route=\/wp\/v2\/users\/1"}],"replies":[{"embeddable":true,"href":"https:\/\/gutachter-weis.de\/index.php?rest_route=%2Fwp%2Fv2%2Fcomments&post=114"}],"version-history":[{"count":17,"href":"https:\/\/gutachter-weis.de\/index.php?rest_route=\/wp\/v2\/pages\/114\/revisions"}],"predecessor-version":[{"id":271,"href":"https:\/\/gutachter-weis.de\/index.php?rest_route=\/wp\/v2\/pages\/114\/revisions\/271"}],"wp:attachment":[{"href":"https:\/\/gutachter-weis.de\/index.php?rest_route=%2Fwp%2Fv2%2Fmedia&parent=114"}],"curies":[{"name":"wp","href":"https:\/\/api.w.org\/{rel}","templated":true}]}}