{"id":99,"date":"2019-12-27T17:03:33","date_gmt":"2019-12-27T17:03:33","guid":{"rendered":"http:\/\/gutachter-weis.de\/?page_id=99"},"modified":"2025-02-12T17:51:23","modified_gmt":"2025-02-12T17:51:23","slug":"meine-seite","status":"publish","type":"page","link":"https:\/\/gutachter-weis.de\/?page_id=99","title":{"rendered":"Schadengutachten"},"content":{"rendered":"\n<p><strong>Als KFZ-Gutachter ist es f\u00fcr uns besonders wichtig, kompetent zu sein, um unseren Kunden eine zuverl\u00e4ssige und objektive Bewertung ihres Fahrzeugs zu garantieren. Wir verf\u00fcgen \u00fcber umfassende Fachkenntnisse und jahrelange Erfahrung in der Begutachtung von Fahrzeugen aller Art.<\/strong><\/p>\n\n\n\n<p><strong>Zus\u00e4tzlich halten wir uns stets auf dem neuesten Stand der Entwicklungen in unserer Branche und bilden uns kontinuierlich weiter, um unsere Kompetenzen zu erweitern und unseren Kunden stets die bestm\u00f6gliche Beratung zu bieten.<\/strong><\/p>\n\n\n\n<p><strong>Unser Ziel ist es, unseren Kunden in allen Fragen rund um den Zustand und den Wert ihres Fahrzeugs kompetent und professionell zur Seite zu stehen. Wir nehmen uns Zeit f\u00fcr eine gr\u00fcndliche Begutachtung und Beratung und stehen Ihnen auch nach der Begutachtung gerne f\u00fcr R\u00fcckfragen und weitere Unterst\u00fctzung zur Verf\u00fcgung<\/strong><\/p>\n\n\n\n<h4 class=\"wp-block-heading\">Service rund um die Schadensbeurteilung <\/h4>\n\n\n\n<h4 class=\"wp-block-heading\">-Ermittlung der Schadenh\u00f6he <\/h4>\n\n\n\n<h4 class=\"wp-block-heading\">-Ermittlung der Schadensursache <\/h4>\n\n\n\n<h4 class=\"wp-block-heading\">-Beweissicherung <\/h4>\n\n\n\n<h4 class=\"wp-block-heading\">-Dokumentation von Wertmiderungen <\/h4>\n\n\n<p><!--EndFragment--><\/p>\n<p><!--EndFragment--><\/p>\n\n\n<figure class=\"wp-block-image size-large is-resized\"><img loading=\"lazy\" decoding=\"async\" src=\"https:\/\/gutachter-weis.de\/wp-content\/uploads\/2025\/02\/8e356c84-074c-42d0-814b-6e715223fe58-1024x1024.jpg\" alt=\"\" class=\"wp-image-237\" width=\"840\" height=\"840\" srcset=\"https:\/\/gutachter-weis.de\/wp-content\/uploads\/2025\/02\/8e356c84-074c-42d0-814b-6e715223fe58.jpg 1024w, https:\/\/gutachter-weis.de\/wp-content\/uploads\/2025\/02\/8e356c84-074c-42d0-814b-6e715223fe58-300x300.jpg 300w, https:\/\/gutachter-weis.de\/wp-content\/uploads\/2025\/02\/8e356c84-074c-42d0-814b-6e715223fe58-150x150.jpg 150w, https:\/\/gutachter-weis.de\/wp-content\/uploads\/2025\/02\/8e356c84-074c-42d0-814b-6e715223fe58-768x768.jpg 768w, https:\/\/gutachter-weis.de\/wp-content\/uploads\/2025\/02\/8e356c84-074c-42d0-814b-6e715223fe58-450x450.jpg 450w\" sizes=\"auto, (max-width: 840px) 100vw, 840px\" \/><\/figure>\n","protected":false},"excerpt":{"rendered":"<p>Als KFZ-Gutachter ist es f\u00fcr uns besonders wichtig, kompetent zu sein, um unseren Kunden eine zuverl\u00e4ssige und objektive Bewertung ihres Fahrzeugs zu garantieren. Wir verf\u00fcgen \u00fcber umfassende Fachkenntnisse und jahrelange Erfahrung in der Begutachtung von Fahrzeugen aller Art. Zus\u00e4tzlich halten wir uns stets auf dem neuesten Stand der Entwicklungen in unserer Branche und bilden uns<span class=\"read-more-faq\"><a href=\"https:\/\/gutachter-weis.de\/?page_id=99\">Read More<\/a><\/span><\/p>\n","protected":false},"author":1,"featured_media":0,"parent":0,"menu_order":0,"comment_status":"closed","ping_status":"closed","template":"","meta":{"footnotes":""},"class_list":["post-99","page","type-page","status-publish","hentry"],"_links":{"self":[{"href":"https:\/\/gutachter-weis.de\/index.php?rest_route=\/wp\/v2\/pages\/99","targetHints":{"allow":["GET"]}}],"collection":[{"href":"https:\/\/gutachter-weis.de\/index.php?rest_route=\/wp\/v2\/pages"}],"about":[{"href":"https:\/\/gutachter-weis.de\/index.php?rest_route=\/wp\/v2\/types\/page"}],"author":[{"embeddable":true,"href":"https:\/\/gutachter-weis.de\/index.php?rest_route=\/wp\/v2\/users\/1"}],"replies":[{"embeddable":true,"href":"https:\/\/gutachter-weis.de\/index.php?rest_route=%2Fwp%2Fv2%2Fcomments&post=99"}],"version-history":[{"count":5,"href":"https:\/\/gutachter-weis.de\/index.php?rest_route=\/wp\/v2\/pages\/99\/revisions"}],"predecessor-version":[{"id":239,"href":"https:\/\/gutachter-weis.de\/index.php?rest_route=\/wp\/v2\/pages\/99\/revisions\/239"}],"wp:attachment":[{"href":"https:\/\/gutachter-weis.de\/index.php?rest_route=%2Fwp%2Fv2%2Fmedia&parent=99"}],"curies":[{"name":"wp","href":"https:\/\/api.w.org\/{rel}","templated":true}]}}